{"id":91,"date":"2023-12-03T16:43:04","date_gmt":"2023-12-03T15:43:04","guid":{"rendered":"http:\/\/localhost\/zsp2konskie\/?page_id=91"},"modified":"2024-04-10T14:00:05","modified_gmt":"2024-04-10T12:00:05","slug":"kontakt","status":"publish","type":"page","link":"https:\/\/zsp2konskie.edu.pl\/index.php\/kontakt\/","title":{"rendered":"Kontakt"},"content":{"rendered":"\n<div class=\"wp-block-columns is-layout-flex wp-container-core-columns-is-layout-9d6595d7 wp-block-columns-is-layout-flex\">\n<div class=\"wp-block-column is-layout-flow wp-block-column-is-layout-flow\">\n<p><strong>ZESP\u00d3\u0141 SZK\u00d3\u0141 PONADPODSTAWOWYCH NR 2 W&nbsp;KO\u0143SKICH<\/strong><\/p>\n\n\n\n<p>ul. Warszawska 53 <br>26-200 Ko\u0144skie<br>woj. \u015bwi\u0119tokrzyskie<\/p>\n\n\n\n<p>Adres e-Dor\u0119cze\u0144: AE:PL-61516-12361-CCGTG-23<\/p>\n\n\n\n<p><a href=\"https:\/\/www.gov.pl\/web\/e-doreczenia\/materialy\">Jak wys\u0142a\u0107 pismo za pomoc\u0105 systemu e-Dor\u0119cze\u0144?<\/a><\/p>\n\n\n\n<p><strong>TELEFONY <\/strong><br>41-372-65-57 <br>41-260-49-40 <br>FAX: 41-260-49-44<\/p>\n\n\n\n<p><strong>E-MAIL<\/strong><br>zsp2konskie@o2.pl <br>zsp2konskie@gmail.com <br>szkola@zsp2konskie.edu.pl <strong>NOWY ADRES E-MAIL<\/strong><br>ksiegowosc@zsp2konskie.edu.pl<\/p>\n\n\n\n<p><strong>SEKRETARIAT SZKO\u0141Y CZYNNY:<\/strong><br>od Poniedzia\u0142ku do Pi\u0105tku<br>od 8:00 do 15:00<\/p>\n<\/div>\n\n\n\n<div class=\"wp-block-column is-layout-flow wp-block-column-is-layout-flow\">\n<iframe src=\"https:\/\/www.google.com\/maps\/embed?pb=!1m18!1m12!1m3!1d2499.5717994672!2d20.41079465783098!3d51.2085414164329!2m3!1f0!2f0!3f0!3m2!1i1024!2i768!4f13.1!3m3!1m2!1s0x4719c9a15701a2b9%3A0x35fa712b587c8fcf!2zWmVzcMOzxYIgU3prw7PFgiBQb25hZHBvZHN0YXdvd3ljaCBuciAyIHcgS2_FhHNraWNo!5e0!3m2!1spl!2spl!4v1703201211332!5m2!1spl!2spl\" width=\"100%\" height=\"370px\" style=\"border:0;\" allowfullscreen=\"\" loading=\"lazy\" referrerpolicy=\"no-referrer-when-downgrade\"><\/iframe>\n<\/div>\n<\/div>\n","protected":false},"excerpt":{"rendered":"<p>ZESP\u00d3\u0141 SZK\u00d3\u0141 PONADPODSTAWOWYCH NR 2 W&nbsp;KO\u0143SKICH ul. Warszawska 53 26-200 Ko\u0144skiewoj. \u015bwi\u0119tokrzyskie Adres e-Dor\u0119cze\u0144: AE:PL-61516-12361-CCGTG-23 Jak wys\u0142a\u0107 pismo za pomoc\u0105 systemu e-Dor\u0119cze\u0144? TELEFONY 41-372-65-57 41-260-49-40 FAX: 41-260-49-44 E-MAILzsp2konskie@o2.pl zsp2konskie@gmail.com szkola@zsp2konskie.edu.pl NOWY ADRES E-MAILksiegowosc@zsp2konskie.edu.pl SEKRETARIAT SZKO\u0141Y CZYNNY:od Poniedzia\u0142ku do Pi\u0105tkuod 8:00 do 15:00<\/p>\n","protected":false},"author":1,"featured_media":0,"parent":0,"menu_order":0,"comment_status":"closed","ping_status":"closed","template":"","meta":{"footnotes":""},"class_list":["post-91","page","type-page","status-publish","hentry"],"_links":{"self":[{"href":"https:\/\/zsp2konskie.edu.pl\/index.php\/wp-json\/wp\/v2\/pages\/91","targetHints":{"allow":["GET"]}}],"collection":[{"href":"https:\/\/zsp2konskie.edu.pl\/index.php\/wp-json\/wp\/v2\/pages"}],"about":[{"href":"https:\/\/zsp2konskie.edu.pl\/index.php\/wp-json\/wp\/v2\/types\/page"}],"author":[{"embeddable":true,"href":"https:\/\/zsp2konskie.edu.pl\/index.php\/wp-json\/wp\/v2\/users\/1"}],"replies":[{"embeddable":true,"href":"https:\/\/zsp2konskie.edu.pl\/index.php\/wp-json\/wp\/v2\/comments?post=91"}],"version-history":[{"count":3,"href":"https:\/\/zsp2konskie.edu.pl\/index.php\/wp-json\/wp\/v2\/pages\/91\/revisions"}],"predecessor-version":[{"id":971,"href":"https:\/\/zsp2konskie.edu.pl\/index.php\/wp-json\/wp\/v2\/pages\/91\/revisions\/971"}],"wp:attachment":[{"href":"https:\/\/zsp2konskie.edu.pl\/index.php\/wp-json\/wp\/v2\/media?parent=91"}],"curies":[{"name":"wp","href":"https:\/\/api.w.org\/{rel}","templated":true}]}}